{"id":105,"date":"2020-06-24T07:16:32","date_gmt":"2020-06-24T07:16:32","guid":{"rendered":"https:\/\/jupiterx.artbees.net\/accountant\/?page_id=105"},"modified":"2023-03-17T03:58:04","modified_gmt":"2023-03-17T00:58:04","slug":"blog","status":"publish","type":"page","link":"https:\/\/oliver1988.com\/tr\/blog\/","title":{"rendered":"Blog"},"content":{"rendered":"<div data-elementor-type=\"wp-page\" data-elementor-id=\"105\" class=\"elementor elementor-105\">\n\t\t\t\t\t\t\t\t\t<section class=\"elementor-section elementor-top-section elementor-element elementor-element-cb73e6e elementor-section-boxed elementor-section-height-default elementor-section-height-default\" data-id=\"cb73e6e\" data-element_type=\"section\" data-settings=\"{&quot;jet_parallax_layout_list&quot;:[{&quot;jet_parallax_layout_image&quot;:{&quot;url&quot;:&quot;&quot;,&quot;id&quot;:&quot;&quot;},&quot;_id&quot;:&quot;bd17729&quot;,&quot;jet_parallax_layout_speed&quot;:{&quot;unit&quot;:&quot;%&quot;,&quot;size&quot;:&quot;50&quot;,&quot;sizes&quot;:[]},&quot;jet_parallax_layout_bg_x&quot;:&quot;50&quot;,&quot;jet_parallax_layout_bg_y&quot;:&quot;50&quot;,&quot;jet_parallax_layout_image_tablet&quot;:{&quot;url&quot;:&quot;&quot;,&quot;id&quot;:&quot;&quot;},&quot;jet_parallax_layout_image_mobile&quot;:{&quot;url&quot;:&quot;&quot;,&quot;id&quot;:&quot;&quot;},&quot;jet_parallax_layout_type&quot;:&quot;scroll&quot;,&quot;jet_parallax_layout_direction&quot;:null,&quot;jet_parallax_layout_fx_direction&quot;:null,&quot;jet_parallax_layout_z_index&quot;:&quot;&quot;,&quot;jet_parallax_layout_bg_x_tablet&quot;:&quot;&quot;,&quot;jet_parallax_layout_bg_x_mobile&quot;:&quot;&quot;,&quot;jet_parallax_layout_bg_y_tablet&quot;:&quot;&quot;,&quot;jet_parallax_layout_bg_y_mobile&quot;:&quot;&quot;,&quot;jet_parallax_layout_bg_size&quot;:&quot;auto&quot;,&quot;jet_parallax_layout_bg_size_tablet&quot;:&quot;&quot;,&quot;jet_parallax_layout_bg_size_mobile&quot;:&quot;&quot;,&quot;jet_parallax_layout_animation_prop&quot;:&quot;transform&quot;,&quot;jet_parallax_layout_on&quot;:[&quot;desktop&quot;,&quot;tablet&quot;]}],&quot;background_background&quot;:&quot;classic&quot;}\">\n\t\t\t\t\t\t\t<div class=\"elementor-background-overlay\"><\/div>\n\t\t\t\t\t\t\t<div class=\"elementor-container elementor-column-gap-no\">\n\t\t\t\t\t<div class=\"elementor-column elementor-col-100 elementor-top-column elementor-element elementor-element-b58296d\" data-id=\"b58296d\" data-element_type=\"column\">\n\t\t\t<div class=\"elementor-widget-wrap elementor-element-populated\">\n\t\t\t\t\t\t\t\t<div class=\"elementor-element elementor-element-4c52786 elementor-widget elementor-widget-heading\" data-id=\"4c52786\" data-element_type=\"widget\" data-widget_type=\"heading.default\">\n\t\t\t\t<div class=\"elementor-widget-container\">\n\t\t\t<style>\/*! elementor - v3.7.8 - 02-10-2022 *\/\n.elementor-heading-title{padding:0;margin:0;line-height:1}.elementor-widget-heading .elementor-heading-title[class*=elementor-size-]>a{color:inherit;font-size:inherit;line-height:inherit}.elementor-widget-heading .elementor-heading-title.elementor-size-small{font-size:15px}.elementor-widget-heading .elementor-heading-title.elementor-size-medium{font-size:19px}.elementor-widget-heading .elementor-heading-title.elementor-size-large{font-size:29px}.elementor-widget-heading .elementor-heading-title.elementor-size-xl{font-size:39px}.elementor-widget-heading .elementor-heading-title.elementor-size-xxl{font-size:59px}<\/style><h1 class=\"elementor-heading-title elementor-size-default\">Blog<\/h1>\t\t<\/div>\n\t\t\t\t<\/div>\n\t\t\t\t\t<\/div>\n\t\t<\/div>\n\t\t\t\t\t\t\t<\/div>\n\t\t<\/section>\n\t\t\t\t<section class=\"elementor-section elementor-top-section elementor-element elementor-element-9013b46 elementor-section-boxed elementor-section-height-default elementor-section-height-default\" data-id=\"9013b46\" data-element_type=\"section\" data-settings=\"{&quot;jet_parallax_layout_list&quot;:[{&quot;jet_parallax_layout_image&quot;:{&quot;url&quot;:&quot;&quot;,&quot;id&quot;:&quot;&quot;},&quot;_id&quot;:&quot;7ef725d&quot;,&quot;jet_parallax_layout_speed&quot;:{&quot;unit&quot;:&quot;%&quot;,&quot;size&quot;:&quot;50&quot;,&quot;sizes&quot;:[]},&quot;jet_parallax_layout_bg_x&quot;:&quot;50&quot;,&quot;jet_parallax_layout_bg_y&quot;:&quot;50&quot;,&quot;jet_parallax_layout_image_tablet&quot;:{&quot;url&quot;:&quot;&quot;,&quot;id&quot;:&quot;&quot;},&quot;jet_parallax_layout_image_mobile&quot;:{&quot;url&quot;:&quot;&quot;,&quot;id&quot;:&quot;&quot;},&quot;jet_parallax_layout_type&quot;:&quot;scroll&quot;,&quot;jet_parallax_layout_direction&quot;:null,&quot;jet_parallax_layout_fx_direction&quot;:null,&quot;jet_parallax_layout_z_index&quot;:&quot;&quot;,&quot;jet_parallax_layout_bg_x_tablet&quot;:&quot;&quot;,&quot;jet_parallax_layout_bg_x_mobile&quot;:&quot;&quot;,&quot;jet_parallax_layout_bg_y_tablet&quot;:&quot;&quot;,&quot;jet_parallax_layout_bg_y_mobile&quot;:&quot;&quot;,&quot;jet_parallax_layout_bg_size&quot;:&quot;auto&quot;,&quot;jet_parallax_layout_bg_size_tablet&quot;:&quot;&quot;,&quot;jet_parallax_layout_bg_size_mobile&quot;:&quot;&quot;,&quot;jet_parallax_layout_animation_prop&quot;:&quot;transform&quot;,&quot;jet_parallax_layout_on&quot;:[&quot;desktop&quot;,&quot;tablet&quot;]}],&quot;background_background&quot;:&quot;classic&quot;}\">\n\t\t\t\t\t\t<div class=\"elementor-container elementor-column-gap-no\">\n\t\t\t\t\t<div class=\"elementor-column elementor-col-100 elementor-top-column elementor-element elementor-element-e5d56c1\" data-id=\"e5d56c1\" data-element_type=\"column\">\n\t\t\t<div class=\"elementor-widget-wrap elementor-element-populated\">\n\t\t\t\t\t\t\t\t<div class=\"elementor-element elementor-element-44d67db elementor-widget elementor-widget-raven-posts\" data-id=\"44d67db\" data-element_type=\"widget\" data-settings=\"{&quot;_skin&quot;:&quot;cover&quot;,&quot;query_posts_per_page&quot;:&quot;9&quot;,&quot;cover_layout&quot;:&quot;grid&quot;,&quot;cover_columns&quot;:&quot;3&quot;,&quot;cover_columns_tablet&quot;:&quot;2&quot;,&quot;cover_columns_mobile&quot;:&quot;1&quot;,&quot;query_offset&quot;:0}\" data-widget_type=\"raven-posts.cover\">\n\t\t\t\t<div class=\"elementor-widget-container\">\n\t\t\t\t\t<div class=\"raven-posts raven-grid raven-grid-3 raven-grid-mobile-1 raven-grid-tablet-2\" data-post-id=\"105\" data-archive-query=\"\">\n\t\t\t\t<div class=\"raven-grid-item raven-post-item post-445 post type-post status-publish format-standard has-post-thumbnail hentry category-jewellery\">\n\t\t\t<div class=\"raven-post raven-post-inside\">\n\t\t\t\t\t\t<div class=\"raven-post-image-wrap\">\n\t\t\t<div class=\"raven-post-image raven-image-fit\" ><span class=\"raven-post-image-overlay\"><\/span> <img loading=\"lazy\" decoding=\"async\" width=\"1024\" height=\"1024\" src=\"https:\/\/oliver1988.com\/wp-content\/uploads\/2023\/03\/1-2.png\" class=\"attachment-large size-large\" alt=\"\" srcset=\"https:\/\/oliver1988.com\/wp-content\/uploads\/2023\/03\/1-2.png 1024w, https:\/\/oliver1988.com\/wp-content\/uploads\/2023\/03\/1-2-300x300.png 300w, https:\/\/oliver1988.com\/wp-content\/uploads\/2023\/03\/1-2-150x150.png 150w, https:\/\/oliver1988.com\/wp-content\/uploads\/2023\/03\/1-2-768x768.png 768w, https:\/\/oliver1988.com\/wp-content\/uploads\/2023\/03\/1-2-500x500.png 500w\" sizes=\"auto, (max-width: 1024px) 100vw, 1024px\" \/><\/div>\t\t<\/div>\n\t\t\t\t\t\t\t<div class=\"raven-post-content\">\n\t\t\t\t\t\t<h4 class=\"raven-post-title\"><a class=\"raven-post-title-link\" href=\"https:\/\/oliver1988.com\/tr\/2023\/03\/17\/oliver-jewellery-a-brand-you-can-trust-for-exceptional-jewelry\/\">Oliver Jewellery: Ola\u011fan\u00fcst\u00fc Tak\u0131lar \u0130\u00e7in G\u00fcvenebilece\u011finiz Bir Marka<\/a><\/h4>\t\t<div class=\"raven-post-read-more\">\n\t\t\t<a class=\"raven-post-button\" href=\"https:\/\/oliver1988.com\/tr\/2023\/03\/17\/oliver-jewellery-a-brand-you-can-trust-for-exceptional-jewelry\/\"><span class=\"raven-post-button-text\">&gt; Devam\u0131n\u0131 Oku<\/span><\/a>\n\t\t<\/div>\n\t\t\t\t\t\t\t<\/div>\n\t\t\t\t\t\t\t\t<\/div>\n\t\t<\/div>\n\t\t\t\t<div class=\"raven-grid-item raven-post-item post-450 post type-post status-publish format-standard has-post-thumbnail hentry category-jewellery\">\n\t\t\t<div class=\"raven-post raven-post-inside\">\n\t\t\t\t\t\t<div class=\"raven-post-image-wrap\">\n\t\t\t<div class=\"raven-post-image raven-image-fit\" ><span class=\"raven-post-image-overlay\"><\/span> <img loading=\"lazy\" decoding=\"async\" width=\"1024\" height=\"1024\" src=\"https:\/\/oliver1988.com\/wp-content\/uploads\/2023\/03\/2-2.png\" class=\"attachment-large size-large\" alt=\"\" srcset=\"https:\/\/oliver1988.com\/wp-content\/uploads\/2023\/03\/2-2.png 1024w, https:\/\/oliver1988.com\/wp-content\/uploads\/2023\/03\/2-2-300x300.png 300w, https:\/\/oliver1988.com\/wp-content\/uploads\/2023\/03\/2-2-150x150.png 150w, https:\/\/oliver1988.com\/wp-content\/uploads\/2023\/03\/2-2-768x768.png 768w, https:\/\/oliver1988.com\/wp-content\/uploads\/2023\/03\/2-2-500x500.png 500w\" sizes=\"auto, (max-width: 1024px) 100vw, 1024px\" \/><\/div>\t\t<\/div>\n\t\t\t\t\t\t\t<div class=\"raven-post-content\">\n\t\t\t\t\t\t<h4 class=\"raven-post-title\"><a class=\"raven-post-title-link\" href=\"https:\/\/oliver1988.com\/tr\/2023\/03\/17\/oliver-jewellery-where-luxury-meets-innovation\/\">Oliver Jewellery: L\u00fcks\u00fcn \u0130novasyonla Bulu\u015ftu\u011fu Yer<\/a><\/h4>\t\t<div class=\"raven-post-read-more\">\n\t\t\t<a class=\"raven-post-button\" href=\"https:\/\/oliver1988.com\/tr\/2023\/03\/17\/oliver-jewellery-where-luxury-meets-innovation\/\"><span class=\"raven-post-button-text\">&gt; Devam\u0131n\u0131 Oku<\/span><\/a>\n\t\t<\/div>\n\t\t\t\t\t\t\t<\/div>\n\t\t\t\t\t\t\t\t<\/div>\n\t\t<\/div>\n\t\t\t\t<div class=\"raven-grid-item raven-post-item post-453 post type-post status-publish format-standard has-post-thumbnail hentry category-jewellery\">\n\t\t\t<div class=\"raven-post raven-post-inside\">\n\t\t\t\t\t\t<div class=\"raven-post-image-wrap\">\n\t\t\t<div class=\"raven-post-image raven-image-fit\" ><span class=\"raven-post-image-overlay\"><\/span> <img loading=\"lazy\" decoding=\"async\" width=\"1024\" height=\"1024\" src=\"https:\/\/oliver1988.com\/wp-content\/uploads\/2023\/03\/3.png\" class=\"attachment-large size-large\" alt=\"\" srcset=\"https:\/\/oliver1988.com\/wp-content\/uploads\/2023\/03\/3.png 1024w, https:\/\/oliver1988.com\/wp-content\/uploads\/2023\/03\/3-300x300.png 300w, https:\/\/oliver1988.com\/wp-content\/uploads\/2023\/03\/3-150x150.png 150w, https:\/\/oliver1988.com\/wp-content\/uploads\/2023\/03\/3-768x768.png 768w, https:\/\/oliver1988.com\/wp-content\/uploads\/2023\/03\/3-500x500.png 500w\" sizes=\"auto, (max-width: 1024px) 100vw, 1024px\" \/><\/div>\t\t<\/div>\n\t\t\t\t\t\t\t<div class=\"raven-post-content\">\n\t\t\t\t\t\t<h4 class=\"raven-post-title\"><a class=\"raven-post-title-link\" href=\"https:\/\/oliver1988.com\/tr\/2023\/03\/17\/custom-jewelry-your-vision-our-expertise\/\">\u00d6zel Tak\u0131: Sizin Vizyonunuz, Bizim Uzmanl\u0131\u011f\u0131m\u0131z<\/a><\/h4>\t\t<div class=\"raven-post-read-more\">\n\t\t\t<a class=\"raven-post-button\" href=\"https:\/\/oliver1988.com\/tr\/2023\/03\/17\/custom-jewelry-your-vision-our-expertise\/\"><span class=\"raven-post-button-text\">&gt; Devam\u0131n\u0131 Oku<\/span><\/a>\n\t\t<\/div>\n\t\t\t\t\t\t\t<\/div>\n\t\t\t\t\t\t\t\t<\/div>\n\t\t<\/div>\n\t\t\t\t<div class=\"raven-grid-item raven-post-item post-456 post type-post status-publish format-standard has-post-thumbnail hentry category-jewellery\">\n\t\t\t<div class=\"raven-post raven-post-inside\">\n\t\t\t\t\t\t<div class=\"raven-post-image-wrap\">\n\t\t\t<div class=\"raven-post-image raven-image-fit\" ><span class=\"raven-post-image-overlay\"><\/span> <img loading=\"lazy\" decoding=\"async\" width=\"1024\" height=\"1024\" src=\"https:\/\/oliver1988.com\/wp-content\/uploads\/2023\/03\/oliver1988.com-1.png\" class=\"attachment-large size-large\" alt=\"\" srcset=\"https:\/\/oliver1988.com\/wp-content\/uploads\/2023\/03\/oliver1988.com-1.png 1024w, https:\/\/oliver1988.com\/wp-content\/uploads\/2023\/03\/oliver1988.com-1-300x300.png 300w, https:\/\/oliver1988.com\/wp-content\/uploads\/2023\/03\/oliver1988.com-1-150x150.png 150w, https:\/\/oliver1988.com\/wp-content\/uploads\/2023\/03\/oliver1988.com-1-768x768.png 768w, https:\/\/oliver1988.com\/wp-content\/uploads\/2023\/03\/oliver1988.com-1-500x500.png 500w\" sizes=\"auto, (max-width: 1024px) 100vw, 1024px\" \/><\/div>\t\t<\/div>\n\t\t\t\t\t\t\t<div class=\"raven-post-content\">\n\t\t\t\t\t\t<h4 class=\"raven-post-title\"><a class=\"raven-post-title-link\" href=\"https:\/\/oliver1988.com\/tr\/2023\/03\/17\/the-art-of-diamond-selection-at-oliver-jewellery\/\">Oliver Jewellery&#039;de P\u0131rlanta Se\u00e7me Sanat\u0131<\/a><\/h4>\t\t<div class=\"raven-post-read-more\">\n\t\t\t<a class=\"raven-post-button\" href=\"https:\/\/oliver1988.com\/tr\/2023\/03\/17\/the-art-of-diamond-selection-at-oliver-jewellery\/\"><span class=\"raven-post-button-text\">&gt; Devam\u0131n\u0131 Oku<\/span><\/a>\n\t\t<\/div>\n\t\t\t\t\t\t\t<\/div>\n\t\t\t\t\t\t\t\t<\/div>\n\t\t<\/div>\n\t\t\t\t<\/div>\n\t\t\t\t<\/div>\n\t\t\t\t<\/div>\n\t\t\t\t\t<\/div>\n\t\t<\/div>\n\t\t\t\t\t\t\t<\/div>\n\t\t<\/section>\n\t\t\t\t\t\t\t<\/div>","protected":false},"excerpt":{"rendered":"<p>Blog Oliver Jewellery: A Brand You Can Trust for Exceptional Jewelry &gt; Read More Oliver Jewellery: Where Luxury Meets Innovation &gt; Read More Custom Jewelry: Your Vision, Our Expertise &gt; Read More The Art of Diamond Selection at Oliver Jewellery &gt; Read More<\/p>","protected":false},"author":1,"featured_media":0,"parent":0,"menu_order":0,"comment_status":"closed","ping_status":"closed","template":"full-width.php","meta":{"footnotes":""},"class_list":["post-105","page","type-page","status-publish","hentry"],"acf":[],"_links":{"self":[{"href":"https:\/\/oliver1988.com\/tr\/wp-json\/wp\/v2\/pages\/105","targetHints":{"allow":["GET"]}}],"collection":[{"href":"https:\/\/oliver1988.com\/tr\/wp-json\/wp\/v2\/pages"}],"about":[{"href":"https:\/\/oliver1988.com\/tr\/wp-json\/wp\/v2\/types\/page"}],"author":[{"embeddable":true,"href":"https:\/\/oliver1988.com\/tr\/wp-json\/wp\/v2\/users\/1"}],"replies":[{"embeddable":true,"href":"https:\/\/oliver1988.com\/tr\/wp-json\/wp\/v2\/comments?post=105"}],"version-history":[{"count":6,"href":"https:\/\/oliver1988.com\/tr\/wp-json\/wp\/v2\/pages\/105\/revisions"}],"predecessor-version":[{"id":646,"href":"https:\/\/oliver1988.com\/tr\/wp-json\/wp\/v2\/pages\/105\/revisions\/646"}],"wp:attachment":[{"href":"https:\/\/oliver1988.com\/tr\/wp-json\/wp\/v2\/media?parent=105"}],"curies":[{"name":"wp","href":"https:\/\/api.w.org\/{rel}","templated":true}]}}